{"id":63,"date":"2020-08-14T11:41:29","date_gmt":"2020-08-14T11:41:29","guid":{"rendered":"http:\/\/smart-energy-engineering.ch\/?page_id=63"},"modified":"2023-11-01T10:05:39","modified_gmt":"2023-11-01T10:05:39","slug":"ueber-uns","status":"publish","type":"page","link":"https:\/\/smart-energy-engineering.ch\/?page_id=63","title":{"rendered":"\u00dcber uns"},"content":{"rendered":"\n<p>2013 Durchf\u00fchrung des Projektes &#8222;Optimierung des Eigenverbrauchs von Geb\u00e4uden&#8220; f\u00fcr das Bundesamt f\u00fcr Energie (BFE). Die Simulationen zeigen eine Verdoppelung des Eigenverbrauchs durch Einspeicherung von Energie in der Geb\u00e4udemasse \u00fcber W\u00e4rmepumpen.<\/p>\n\n\n\n<p>2015 Gr\u00fcndung der Firma Zogg Energy Control: Lancierung des Produktes &#8222;Eigenverbrauchsmanager&#8220; f\u00fcr Einfamilienh\u00e4user.  Umsetzung der Idee und erste Installationen in Geb\u00e4uden.<\/p>\n\n\n\n<p>2016 Gr\u00fcndung der Firma Smart Energy Control GmbH: Erweiterung des Produkts &#8222;Eigenverbrauchsmanager&#8220; auf Mehrfamilienh\u00e4user. Weitere Installationen in gr\u00f6sseren Geb\u00e4uden.<\/p>\n\n\n\n<p>2019 \u00dcberf\u00fchrung in die Firma Smart Energy Control AG: Weiterentwicklung des Produkts &#8222;Eigenverbrauchsmanager&#8220; f\u00fcr Areale und Zusammenschl\u00fcsse zum Eigenverbrauch (ZEV). Integration einer Cloud-L\u00f6sung. Ca. 100 Installationen in Geb\u00e4uden realisiert.<\/p>\n\n\n\n<p>2020 \u00dcbernahme der Installationen in Mehrfamilienh\u00e4usern und Arealen mit ZEV durch die Firma <a rel=\"noreferrer noopener\" href=\"https:\/\/smartenergylink.ch\/\" target=\"_blank\">Smart Energy Link AG<\/a>.<\/p>\n\n\n\n<p>2020 Gr\u00fcndung der Firma Smart Energy Engineering GmbH mit Fokus auf Beratung, Schulungen und Pilotprojekte.<\/p>\n\n\n\n<p>2021 Abschluss des BFE-Pilotprojektes &#8222;Intelligente Stromb\u00f6rse im Areal M\u00f6riken-Wildegg&#8220;. Best\u00e4tigung der Verdoppelung des Eigenverbrauchs durch Einspeicherung von Energie in der Geb\u00e4udemasse im realen Praxistest. Erweiterung des &#8222;Eigenverbrauchsmanagers&#8220; mit einem KNX-System zur  aktiven Beeinflussung der Raumtemperatur, Anzeige des Strompreises \u00fcber LED, Solarsteckdosen und Ansteuerung von 4 W\u00e4rmepumpen, \u00fcber 70 Haushaltger\u00e4ten und mehreren Emobil-Ladestationen.<\/p>\n\n\n\n<p>2021 Abschluss des BFE-Pilotprojektes &#8222;Bidirektionale V2X-Ladestationen im Areal Erlenmatt Ost&#8220;. Erstmalige Einbindung bidirektionaler Ladestationen von EVTec und einer Buchungsplattform f\u00fcr CarSharing mit zwei Fahrzeugen von Nissan. Erweiterung des &#8222;Eigenverbrauchsmanagers&#8220; mit bidirektionalen Ladem\u00f6glichkeiten und Algorithmen zum &#8222;Peak-Shaving&#8220;.<\/p>\n\n\n\n<p>2021 Erstellung der Planungsgrundlagen f\u00fcr die Kombination von Photovoltaik und W\u00e4rmepumpen f\u00fcr Energieschweiz.<\/p>\n\n\n\n<p>2022 Mitwirkung im Verein SmartGridready zur Standardisierung der Schnittstellen zwischen Energiemanagementsystemen und W\u00e4rmepumpen.<\/p>\n\n\n\n<p>2022 Lancierung von Simulationsmodellen in Polysun(r) mit Integration der wesentlichen Regelalgorithmen zur Steigerung des Eigenverbrauchs \u00fcber W\u00e4rmepumpen und Thermomanagement gesamter Geb\u00e4ude.<\/p>\n\n\n\n<p>Seit 2022 Mitarbeit in der Initiative &#8222;Geb\u00e4ude und Mobilit\u00e4t&#8220; von Swissolar, FWS und Swiss-e-Mobility. Organisation und Durchf\u00fchrung von Webinaren, Fachtreffen und Branchentreffen zum Thema Energie, W\u00e4rmepumpen, PV, Elektromobilit\u00e4t und Energiemanagementsysteme.<\/p>\n\n\n\n<p>2023 \u00dcberarbeitung der Planungsgrundlagen PV-W\u00e4rmepumpen und Erweiterung mit Elektromobilit\u00e4t.<\/p>\n","protected":false},"excerpt":{"rendered":"<p>2013 Durchf\u00fchrung des Projektes &#8222;Optimierung des Eigenverbrauchs von Geb\u00e4uden&#8220; f\u00fcr das Bundesamt f\u00fcr Energie (BFE). Die Simulationen zeigen eine Verdoppelung des Eigenverbrauchs durch Einspeicherung von Energie in der Geb\u00e4udemasse \u00fcber W\u00e4rmepumpen. 2015 Gr\u00fcndung der Firma Zogg Energy Control: Lancierung des Produktes &#8222;Eigenverbrauchsmanager&#8220; f\u00fcr Einfamilienh\u00e4user. Umsetzung der Idee und erste Installationen in Geb\u00e4uden. 2016 Gr\u00fcndung der &hellip; <\/p>\n<p class=\"link-more\"><a href=\"https:\/\/smart-energy-engineering.ch\/?page_id=63\" class=\"more-link\"><span class=\"screen-reader-text\">\u201e\u00dcber uns\u201c <\/span>weiterlesen<\/a><\/p>\n","protected":false},"author":2,"featured_media":0,"parent":0,"menu_order":0,"comment_status":"closed","ping_status":"closed","template":"","meta":{"footnotes":""},"class_list":["post-63","page","type-page","status-publish","hentry"],"jetpack_sharing_enabled":true,"_links":{"self":[{"href":"https:\/\/smart-energy-engineering.ch\/index.php?rest_route=\/wp\/v2\/pages\/63","targetHints":{"allow":["GET"]}}],"collection":[{"href":"https:\/\/smart-energy-engineering.ch\/index.php?rest_route=\/wp\/v2\/pages"}],"about":[{"href":"https:\/\/smart-energy-engineering.ch\/index.php?rest_route=\/wp\/v2\/types\/page"}],"author":[{"embeddable":true,"href":"https:\/\/smart-energy-engineering.ch\/index.php?rest_route=\/wp\/v2\/users\/2"}],"replies":[{"embeddable":true,"href":"https:\/\/smart-energy-engineering.ch\/index.php?rest_route=%2Fwp%2Fv2%2Fcomments&post=63"}],"version-history":[{"count":15,"href":"https:\/\/smart-energy-engineering.ch\/index.php?rest_route=\/wp\/v2\/pages\/63\/revisions"}],"predecessor-version":[{"id":1048,"href":"https:\/\/smart-energy-engineering.ch\/index.php?rest_route=\/wp\/v2\/pages\/63\/revisions\/1048"}],"wp:attachment":[{"href":"https:\/\/smart-energy-engineering.ch\/index.php?rest_route=%2Fwp%2Fv2%2Fmedia&parent=63"}],"curies":[{"name":"wp","href":"https:\/\/api.w.org\/{rel}","templated":true}]}}