{"id":560,"date":"2022-10-24T09:59:53","date_gmt":"2022-10-24T09:59:53","guid":{"rendered":"http:\/\/smart-energy-engineering.ch\/?page_id=560"},"modified":"2025-03-23T17:51:00","modified_gmt":"2025-03-23T17:51:00","slug":"produkte","status":"publish","type":"page","link":"https:\/\/smart-energy-engineering.ch\/?page_id=560","title":{"rendered":"Produkte"},"content":{"rendered":"\n<p>Seit \u00fcber 10 Jahren haben sich unsere Systeme in der Praxis bew\u00e4hrt und wurden in \u00fcber 100 Installationen eingehend getestet und optimiert. Profitieren Sie von unserem geballten Know-How und lassen Sie sich beraten.<\/p>\n\n\n\n<p><strong>Eigenverbrauchsmanager<\/strong><\/p>\n\n\n\n<p>Mit dem Eigenverbrauchsmanager optimieren Sie Ihr System bez\u00fcglich Eigenverbrauch und Stromkosten. Das Produkt ist f\u00fcr EFH, MFH, Gewerbe oder Industrie-Anwendungen geeignet. Der Fokus liegt auf innovativen L\u00f6sungen, welche laufend weiter entwickelt werden.<\/p>\n\n\n\n<figure class=\"wp-block-image size-large\"><img loading=\"lazy\" decoding=\"async\" width=\"1024\" height=\"588\" src=\"https:\/\/smart-energy-engineering.ch\/wp-content\/uploads\/2020\/12\/Eigenverbrauchsmanager-1024x588.png\" alt=\"\" class=\"wp-image-172\" srcset=\"https:\/\/smart-energy-engineering.ch\/wp-content\/uploads\/2020\/12\/Eigenverbrauchsmanager-1024x588.png 1024w, https:\/\/smart-energy-engineering.ch\/wp-content\/uploads\/2020\/12\/Eigenverbrauchsmanager-300x172.png 300w, https:\/\/smart-energy-engineering.ch\/wp-content\/uploads\/2020\/12\/Eigenverbrauchsmanager-768x441.png 768w, https:\/\/smart-energy-engineering.ch\/wp-content\/uploads\/2020\/12\/Eigenverbrauchsmanager-1536x882.png 1536w, https:\/\/smart-energy-engineering.ch\/wp-content\/uploads\/2020\/12\/Eigenverbrauchsmanager.png 1661w\" sizes=\"auto, (max-width: 706px) 89vw, (max-width: 767px) 82vw, 740px\" \/><\/figure>\n\n\n\n<p><strong>Monitoring-Portal<\/strong><\/p>\n\n\n\n<p>Das Monitoring-Portal dient zur einfachen grafischen Darstellung und Bedienung des Eigenverbrauchsmanager \u00fcber die Cloud. Es liefert s\u00e4mtliche Energiestatistiken inkl. Kosten und erm\u00f6glicht die einfache Bedienung des Systems.<\/p>\n\n\n\n<figure class=\"wp-block-image size-large is-resized\"><img loading=\"lazy\" decoding=\"async\" src=\"https:\/\/smart-energy-engineering.ch\/wp-content\/uploads\/2020\/12\/Webportal_AktuelleWerte.jpg\" alt=\"\" class=\"wp-image-120\" width=\"674\" height=\"380\" srcset=\"https:\/\/smart-energy-engineering.ch\/wp-content\/uploads\/2020\/12\/Webportal_AktuelleWerte.jpg 1016w, https:\/\/smart-energy-engineering.ch\/wp-content\/uploads\/2020\/12\/Webportal_AktuelleWerte-300x169.jpg 300w, https:\/\/smart-energy-engineering.ch\/wp-content\/uploads\/2020\/12\/Webportal_AktuelleWerte-768x434.jpg 768w\" sizes=\"auto, (max-width: 674px) 100vw, 674px\" \/><\/figure>\n\n\n\n<p><strong>Varianten<\/strong><br><a rel=\"noreferrer noopener\" href=\"https:\/\/smart-energy-engineering.ch\/?page_id=1425\" target=\"_blank\">Smart Energy Home<\/a> &#8211; Die L\u00f6sung f\u00fcr Einfamilienh\u00e4user<br><a href=\"https:\/\/smart-energy-engineering.ch\/?page_id=1428\" target=\"_blank\" rel=\"noreferrer noopener\">Smart Energy Professiona<\/a>l &#8211; Die L\u00f6sung f\u00fcr Mehrfamilienh\u00e4user und Gewerbe<\/p>\n\n\n\n<p>Mehr Details erfahren Sie auf unserer <a href=\"https:\/\/smart-energy-engineering.ch\/?page_id=1110\">Support<\/a>-Seite.<\/p>\n","protected":false},"excerpt":{"rendered":"<p>Seit \u00fcber 10 Jahren haben sich unsere Systeme in der Praxis bew\u00e4hrt und wurden in \u00fcber 100 Installationen eingehend getestet und optimiert. Profitieren Sie von unserem geballten Know-How und lassen Sie sich beraten. Eigenverbrauchsmanager Mit dem Eigenverbrauchsmanager optimieren Sie Ihr System bez\u00fcglich Eigenverbrauch und Stromkosten. Das Produkt ist f\u00fcr EFH, MFH, Gewerbe oder Industrie-Anwendungen geeignet. &hellip; <\/p>\n<p class=\"link-more\"><a href=\"https:\/\/smart-energy-engineering.ch\/?page_id=560\" class=\"more-link\"><span class=\"screen-reader-text\">\u201eProdukte\u201c <\/span>weiterlesen<\/a><\/p>\n","protected":false},"author":2,"featured_media":0,"parent":0,"menu_order":0,"comment_status":"closed","ping_status":"closed","template":"","meta":{"footnotes":""},"class_list":["post-560","page","type-page","status-publish","hentry"],"jetpack_sharing_enabled":true,"_links":{"self":[{"href":"https:\/\/smart-energy-engineering.ch\/index.php?rest_route=\/wp\/v2\/pages\/560","targetHints":{"allow":["GET"]}}],"collection":[{"href":"https:\/\/smart-energy-engineering.ch\/index.php?rest_route=\/wp\/v2\/pages"}],"about":[{"href":"https:\/\/smart-energy-engineering.ch\/index.php?rest_route=\/wp\/v2\/types\/page"}],"author":[{"embeddable":true,"href":"https:\/\/smart-energy-engineering.ch\/index.php?rest_route=\/wp\/v2\/users\/2"}],"replies":[{"embeddable":true,"href":"https:\/\/smart-energy-engineering.ch\/index.php?rest_route=%2Fwp%2Fv2%2Fcomments&post=560"}],"version-history":[{"count":47,"href":"https:\/\/smart-energy-engineering.ch\/index.php?rest_route=\/wp\/v2\/pages\/560\/revisions"}],"predecessor-version":[{"id":1436,"href":"https:\/\/smart-energy-engineering.ch\/index.php?rest_route=\/wp\/v2\/pages\/560\/revisions\/1436"}],"wp:attachment":[{"href":"https:\/\/smart-energy-engineering.ch\/index.php?rest_route=%2Fwp%2Fv2%2Fmedia&parent=560"}],"curies":[{"name":"wp","href":"https:\/\/api.w.org\/{rel}","templated":true}]}}