{"id":1110,"date":"2024-02-01T08:50:42","date_gmt":"2024-02-01T08:50:42","guid":{"rendered":"https:\/\/smart-energy-engineering.ch\/?page_id=1110"},"modified":"2026-03-30T08:29:56","modified_gmt":"2026-03-30T08:29:56","slug":"eigenverbrauchsmanager-details","status":"publish","type":"page","link":"https:\/\/smart-energy-engineering.ch\/?page_id=1110","title":{"rendered":"Support"},"content":{"rendered":"\n<p><strong>Link zum Webportal:<\/strong><\/p>\n\n\n\n<p><a href=\"https:\/\/portal.smart-energy-engineering.ch\/\" target=\"_blank\" rel=\"noreferrer noopener\">https:\/\/portal.smart-energy-engineering.ch\/<\/a><\/p>\n\n\n\n<p><a href=\"https:\/\/portal.smart-energy-engineering.ch\/content\/webportal_manual_de.pdf\" target=\"_blank\" rel=\"noreferrer noopener\">Hier<\/a> finden Sie eine Anleitung inkl. Anmeldung und Registration<\/p>\n\n\n\n<p><strong>Webportal Ansichten:<\/strong><br>Ab 2024 werden die Stromkosten angezeigt. Diese setzen sich anteilsm\u00e4ssig aus Netz- und Solaranteil zusammen. Damit die Kosten korrekt angezeigt werden, m\u00fcssen die Tarife im Eigenverbrauchsmanager vorgegeben werden.<\/p>\n\n\n\n<figure class=\"wp-block-image size-full\"><img loading=\"lazy\" decoding=\"async\" width=\"1021\" height=\"396\" src=\"https:\/\/smart-energy-engineering.ch\/wp-content\/uploads\/2024\/02\/Webportal_Stromkosten_Detailliert.jpg\" alt=\"\" class=\"wp-image-1122\" srcset=\"https:\/\/smart-energy-engineering.ch\/wp-content\/uploads\/2024\/02\/Webportal_Stromkosten_Detailliert.jpg 1021w, https:\/\/smart-energy-engineering.ch\/wp-content\/uploads\/2024\/02\/Webportal_Stromkosten_Detailliert-300x116.jpg 300w, https:\/\/smart-energy-engineering.ch\/wp-content\/uploads\/2024\/02\/Webportal_Stromkosten_Detailliert-768x298.jpg 768w\" sizes=\"auto, (max-width: 706px) 89vw, (max-width: 767px) 82vw, 740px\" \/><\/figure>\n\n\n\n<p>Schalt-Parameter &#8211; Beispiel f\u00fcr W\u00e4rmepumpe mit Vorgabe Komfortbereich<\/p>\n\n\n\n<figure class=\"wp-block-image\"><img loading=\"lazy\" decoding=\"async\" width=\"784\" height=\"456\" src=\"https:\/\/smart-energy-engineering.ch\/wp-content\/uploads\/2023\/11\/Webportal_Schaltparameter.jpg\" alt=\"\" class=\"wp-image-1081\" srcset=\"https:\/\/smart-energy-engineering.ch\/wp-content\/uploads\/2023\/11\/Webportal_Schaltparameter.jpg 784w, https:\/\/smart-energy-engineering.ch\/wp-content\/uploads\/2023\/11\/Webportal_Schaltparameter-300x174.jpg 300w, https:\/\/smart-energy-engineering.ch\/wp-content\/uploads\/2023\/11\/Webportal_Schaltparameter-768x447.jpg 768w\" sizes=\"auto, (max-width: 706px) 89vw, (max-width: 767px) 82vw, 740px\" \/><\/figure>\n\n\n\n<p>Schalt-Parameter &#8211; Beispiel Elektromobil mit Vorgabe gew\u00fcnschte Reichweite<\/p>\n\n\n\n<figure class=\"wp-block-image\"><img loading=\"lazy\" decoding=\"async\" width=\"940\" height=\"345\" src=\"https:\/\/smart-energy-engineering.ch\/wp-content\/uploads\/2023\/11\/Webportal_Ladeplan.jpg\" alt=\"\" class=\"wp-image-1084\" srcset=\"https:\/\/smart-energy-engineering.ch\/wp-content\/uploads\/2023\/11\/Webportal_Ladeplan.jpg 940w, https:\/\/smart-energy-engineering.ch\/wp-content\/uploads\/2023\/11\/Webportal_Ladeplan-300x110.jpg 300w, https:\/\/smart-energy-engineering.ch\/wp-content\/uploads\/2023\/11\/Webportal_Ladeplan-768x282.jpg 768w\" sizes=\"auto, (max-width: 706px) 89vw, (max-width: 767px) 82vw, 740px\" \/><\/figure>\n\n\n\n<p><strong>Eigenverbrauchsmanager<\/strong><\/p>\n\n\n\n<figure class=\"wp-block-image size-large\"><img loading=\"lazy\" decoding=\"async\" width=\"1024\" height=\"729\" src=\"https:\/\/smart-energy-engineering.ch\/wp-content\/uploads\/2024\/09\/EVM-1024x729.png\" alt=\"\" class=\"wp-image-1376\" srcset=\"https:\/\/smart-energy-engineering.ch\/wp-content\/uploads\/2024\/09\/EVM-1024x729.png 1024w, https:\/\/smart-energy-engineering.ch\/wp-content\/uploads\/2024\/09\/EVM-300x214.png 300w, https:\/\/smart-energy-engineering.ch\/wp-content\/uploads\/2024\/09\/EVM-768x547.png 768w, https:\/\/smart-energy-engineering.ch\/wp-content\/uploads\/2024\/09\/EVM.png 1340w\" sizes=\"auto, (max-width: 706px) 89vw, (max-width: 767px) 82vw, 740px\" \/><\/figure>\n\n\n\n<p><\/p>\n\n\n\n<p><strong>Neuerungen Eigenverbrauchsmanager Version 5.5<\/strong> <strong>&#8211; Service und Diagnose<\/strong><br>\u2013 Service-Modus f\u00fcr die vereinfachte Wartung angeschlossener Ger\u00e4te<br>\u2013 Anzeige von Fehlermeldungen im Webportal<br>\u2013 Automatisches Versenden von Emails mit Fehlermeldungen<br>\u2013 Dynamisches Lastmanagement von variablen Verbrauchern (Peak-Shaving)<br>\u2013 Lastabwurf f\u00fcr geschaltete Verbraucher optimiert (Peak-Shaving)<br>\u2013 Anzeige von Leistungskennzahlen (Peak-Leistung Bezug und Einspeisung)<br>\u2013 Eingabe eines Leistungstarifs und Berechnung der monatlichen Leistungs-Kosten<br>\u2013 Wahl der Optimierungsart f\u00fcr Preisregler: Eigenverbrauchs- oder Kostenoptimierung<br>\u2013 Vereinfachte Einstellung der W\u00e4rmpumpen mit Modbus-Anbindung<br>\u2013 Einbindung von WAGO Komponenten (Analog- und Digital-IOs)<\/p>\n\n\n\n<p><strong>Neuerungen Eigenverbrauchsmanager Version 6.1<\/strong> <strong>&#8211; Internet of Things<\/strong><br>\u2013 Unterst\u00fctzung von Internet of Things (IoT), Anbindung von Komponenten \u00fcber die Cloud<br>\u2013 Unterst\u00fctzung der Temperaturf\u00fchler und Heizk\u00f6rperthermostate von Shelly(r)<br>\u2013 Neuer Installationsmodus inkl. Vorgabe von Ger\u00e4te-Adressen durch den Benutzer<br>\u2013 Preisregler: Nachfragepreisberechnung auch bei Ausfall einzelner Temperaturf\u00fchler<br>\u2013 Komfort\u00fcberwachung bei mehreren Temperaturf\u00fchlern: Absenkbetrieb optimiert, mittlere und individuelle Komfortgrenzen w\u00e4hlbar<br>\u2013 Unterst\u00fctzung drahtgebundener Temperatursensoren \u00fcber Modbus RTU<br>\u2013 Emobil-Statusabfrage optimiert, auch Fehlerzustand E\/F (Ladefehler) ber\u00fccksichtigt<br>\u2013 Optimierung der Fehlermeldungen (Unterscheidung kritisch\/unkritisch)<br>\u2013 Diverse kleine Optimierungen und Vereinfachungen in der Bedienung<\/p>\n\n\n\n<p><strong>Neuerungen Eigenverbrauchsmanager 7.0<\/strong> <strong>&#8211; dynamische Tarife<\/strong><br>\u2013 Unterst\u00fctzung von dynamischen Tarifen von Energieversorgern<br>\u2013 Automatische t\u00e4gliche Abfrage der 24-h-Day-ahead Tarife (z.B. Groupe E)<br>\u2013 Unterst\u00fctzung von tageszeitlich und monatlich variablen Tarifen f\u00fcr Bezug und Einspeisung<br>\u2013 Unterst\u00fctzung von monatlich variierenden Tarifstrukturen mit Hoch-\/Niedertarif, Einspeisung und Solartarif<br>\u2013 Erweiterung der variablen Preis-Regelalgorithmen auf extern dynamische Tarife<br>\u2013 Neuer adaptiver Preis-Regelalgorithmus mit variablen Schwellwerten<br>\u2013 Optimierung der Preis-Regelalgorithmen f\u00fcr W\u00e4rmepumpen mit dynamischen Sollwerten<br>\u2013 Optimierung der Preis-Regelalgorithmen f\u00fcr Ladestationen und variable Verbraucher<br>\u2013 Anzeige der t\u00e4glichen Energie-Kosten im Webportal (Detail- und Gesamtansicht)<br>\u2013 Anzeige des aktuellen Stromtarifs im Webportal<\/p>\n\n\n\n<p><strong>Neuerungen Eigenverbrauchsmanager 7.4 &#8211; Smart Home Edition<\/strong><br>&#8211; Software auf g\u00fcnstigen Intel NUC Embedded PC mit Windows IoT getestet<br>&#8211; Einbindung des MyStrom WiFi Switch \u00fcber IoT<br>&#8211; Einbindung der Shelly Relais 2PMPro, 4PMPro \u00fcber IoT<br>&#8211; Einbindung des Shelly 3-Phasen-Wandlerz\u00e4hlers 3EM und 3EM Pro \u00fcber IoT<br>&#8211; Unterst\u00fctzung des Sunspec-Protokolls von Wechselrichtern (mit SolarEdge getestet)<br>&#8211; Neuer Installationsmodus mit integrierter Hardware-Konfiguration<br>&#8211; Einfaches Hinzuf\u00fcgen neuer Hardware-Komponenten \u00fcber Default-Hardware-Files<br>&#8211; Automatische Umformatierung der Statistik-Files bei Neukonfiguration<\/p>\n\n\n\n<p><strong>Neuerungen Eigenverbrauchsmanager 7.5<\/strong><br>&#8211; Optimierung der W\u00e4rmepumpen-Einbindung \u00fcber Modbus (Stiebel Eltron mit ISG)<br>&#8211; Vereinfachte Komfort-Vorgabe f\u00fcr die Umschaltung Winter-\/Sommerbetrieb und aktive K\u00fchlung<\/p>\n\n\n\n<p><strong>Neuerungen Eigenverbrauchsmanager 7.7<\/strong><br>&#8211; Einstellung des Stellwertbereichs f\u00fcr Emobile \u00fcber Webportal<br>&#8211; Automatische Tarifabfrage bei Elcom\/LINDAS stromtarif.ch und VESE pvtarif.ch<\/p>\n\n\n\n<p><strong>&#8212; ab hier nur noch auf neuen Systemen mit Windows 10 IoT lauff\u00e4hig<\/strong> <strong>&#8212;<\/strong><\/p>\n\n\n\n<p><strong>Neuerungen Eigenverbrauchsmanager 8.1<\/strong> (ab Januar 2026)<br>&#8211; Vollst\u00e4ndige <strong><a rel=\"noreferrer noopener\" href=\"http:\/\/smartgridready.ch\" target=\"_blank\">SmartGridready<\/a><\/strong> Integration (als Product und Communicator)<br>&#8211; Communicator-Integration \u00fcber SmartGridready Intermediary (Docker)<br>&#8211; Generische <strong>Modbus-Integration<\/strong> f\u00fcr alle W\u00e4rmepumpen, Ladestationen, Stromz\u00e4hler und Wechselrichter<br>&#8211; Unterst\u00fctzung aller dynamischen Tarife von Groupe E, EKZ, Swisspower, usw.<br>&#8211; Erweiterter Preisregler mit externem und internem dynamischen Tarif<br>&#8211; Deaktivierbare Mittelungsfunktion f\u00fcr schnellere Regler<\/p>\n\n\n\n<p><strong>Jahresgeb\u00fchr:<\/strong><br>F\u00fcr den Betrieb des Systems wird eine Jahresgeb\u00fchr erhoben. Darin enthalten sind folgende Dienstleistungen:<br>\u2013 Basis-Support mit Remote-Unterst\u00fctzung<br>\u2013 Updates der Software \u201eEigenverbrauchsmanager\u201c bei Bedarf<br>\u2013 Betrieb des Webportals inkl. Cloud-Services<\/p>\n\n\n\n<p><strong>Anleitungen:<\/strong><\/p>\n\n\n\n<div data-wp-interactive=\"core\/file\" class=\"wp-block-file\"><object data-wp-bind--hidden=\"!state.hasPdfPreview\" hidden class=\"wp-block-file__embed\" data=\"https:\/\/smart-energy-engineering.ch\/wp-content\/uploads\/2026\/03\/20260328_SEE_EVM_Anleitung_Software_v8.2.pdf\" type=\"application\/pdf\" style=\"width:100%;height:600px\" aria-label=\"Einbettung von 20260328_SEE_EVM_Anleitung_Software_v8.2.\"><\/object><a id=\"wp-block-file--media-960d6fdd-9be8-405c-86d5-780f750df177\" href=\"https:\/\/smart-energy-engineering.ch\/wp-content\/uploads\/2026\/03\/20260328_SEE_EVM_Anleitung_Software_v8.2.pdf\">20260328_SEE_EVM_Anleitung_Software_v8.2<\/a><a href=\"https:\/\/smart-energy-engineering.ch\/wp-content\/uploads\/2026\/03\/20260328_SEE_EVM_Anleitung_Software_v8.2.pdf\" class=\"wp-block-file__button wp-element-button\" download aria-describedby=\"wp-block-file--media-960d6fdd-9be8-405c-86d5-780f750df177\">Herunterladen<\/a><\/div>\n\n\n\n<div data-wp-interactive=\"core\/file\" class=\"wp-block-file\"><object data-wp-bind--hidden=\"!state.hasPdfPreview\" hidden class=\"wp-block-file__embed\" data=\"https:\/\/smart-energy-engineering.ch\/wp-content\/uploads\/2024\/11\/20241101_SEE_EVM_Installation_Fachmann_v7.5.pdf\" type=\"application\/pdf\" style=\"width:100%;height:600px\" aria-label=\"Einbettung von 20241101_SEE_EVM_Installation_Fachmann_v7.5.\"><\/object><a id=\"wp-block-file--media-23d60db8-ecf2-46bd-9fb9-a63eebe1e3b5\" href=\"https:\/\/smart-energy-engineering.ch\/wp-content\/uploads\/2024\/11\/20241101_SEE_EVM_Installation_Fachmann_v7.5.pdf\">20241101_SEE_EVM_Installation_Fachmann_v7.5<\/a><a href=\"https:\/\/smart-energy-engineering.ch\/wp-content\/uploads\/2024\/11\/20241101_SEE_EVM_Installation_Fachmann_v7.5.pdf\" class=\"wp-block-file__button wp-element-button\" download aria-describedby=\"wp-block-file--media-23d60db8-ecf2-46bd-9fb9-a63eebe1e3b5\">Herunterladen<\/a><\/div>\n\n\n\n<div data-wp-interactive=\"core\/file\" class=\"wp-block-file\"><object data-wp-bind--hidden=\"!state.hasPdfPreview\" hidden class=\"wp-block-file__embed\" data=\"https:\/\/smart-energy-engineering.ch\/wp-content\/uploads\/2024\/11\/20241101_SEE_EVM_Hilfe_Wartung_v7.5.pdf\" type=\"application\/pdf\" style=\"width:100%;height:600px\" aria-label=\"Einbettung von 20241101_SEE_EVM_Hilfe_Wartung_v7.5.\"><\/object><a id=\"wp-block-file--media-f4496007-c963-4c42-9580-82c3acbdb237\" href=\"https:\/\/smart-energy-engineering.ch\/wp-content\/uploads\/2024\/11\/20241101_SEE_EVM_Hilfe_Wartung_v7.5.pdf\">20241101_SEE_EVM_Hilfe_Wartung_v7.5<\/a><a href=\"https:\/\/smart-energy-engineering.ch\/wp-content\/uploads\/2024\/11\/20241101_SEE_EVM_Hilfe_Wartung_v7.5.pdf\" class=\"wp-block-file__button wp-element-button\" download aria-describedby=\"wp-block-file--media-f4496007-c963-4c42-9580-82c3acbdb237\">Herunterladen<\/a><\/div>\n\n\n\n<p><\/p>\n\n\n\n<div data-wp-interactive=\"core\/file\" class=\"wp-block-file\"><object data-wp-bind--hidden=\"!state.hasPdfPreview\" hidden class=\"wp-block-file__embed\" data=\"https:\/\/smart-energy-engineering.ch\/wp-content\/uploads\/2024\/12\/Kurzanleitung-Stromtarife-Eigenverbrauchsmanager.pdf\" type=\"application\/pdf\" style=\"width:100%;height:600px\" aria-label=\"Einbettung von Kurzanleitung Stromtarife Eigenverbrauchsmanager.\"><\/object><a id=\"wp-block-file--media-111b6479-157e-44ee-9ec5-afed755a0ea9\" href=\"https:\/\/smart-energy-engineering.ch\/wp-content\/uploads\/2024\/12\/Kurzanleitung-Stromtarife-Eigenverbrauchsmanager.pdf\">Kurzanleitung Stromtarife Eigenverbrauchsmanager<\/a><a href=\"https:\/\/smart-energy-engineering.ch\/wp-content\/uploads\/2024\/12\/Kurzanleitung-Stromtarife-Eigenverbrauchsmanager.pdf\" class=\"wp-block-file__button wp-element-button\" download aria-describedby=\"wp-block-file--media-111b6479-157e-44ee-9ec5-afed755a0ea9\">Herunterladen<\/a><\/div>\n\n\n\n<p><strong>Support: <\/strong><a href=\"mailto:support@smart-energy-engineering.ch\">support@smart-energy-engineering.ch<\/a><br><strong>Notfallnummer<\/strong>: 079 707 02 59 (nur in dringenden F\u00e4llen verwenden!)<\/p>\n","protected":false},"excerpt":{"rendered":"<p>Link zum Webportal: https:\/\/portal.smart-energy-engineering.ch\/ Hier finden Sie eine Anleitung inkl. Anmeldung und Registration Webportal Ansichten:Ab 2024 werden die Stromkosten angezeigt. Diese setzen sich anteilsm\u00e4ssig aus Netz- und Solaranteil zusammen. Damit die Kosten korrekt angezeigt werden, m\u00fcssen die Tarife im Eigenverbrauchsmanager vorgegeben werden. Schalt-Parameter &#8211; Beispiel f\u00fcr W\u00e4rmepumpe mit Vorgabe Komfortbereich Schalt-Parameter &#8211; Beispiel Elektromobil mit &hellip; <\/p>\n<p class=\"link-more\"><a href=\"https:\/\/smart-energy-engineering.ch\/?page_id=1110\" class=\"more-link\"><span class=\"screen-reader-text\">\u201eSupport\u201c <\/span>weiterlesen<\/a><\/p>\n","protected":false},"author":2,"featured_media":0,"parent":0,"menu_order":0,"comment_status":"closed","ping_status":"closed","template":"","meta":{"footnotes":""},"class_list":["post-1110","page","type-page","status-publish","hentry"],"jetpack_sharing_enabled":true,"_links":{"self":[{"href":"https:\/\/smart-energy-engineering.ch\/index.php?rest_route=\/wp\/v2\/pages\/1110","targetHints":{"allow":["GET"]}}],"collection":[{"href":"https:\/\/smart-energy-engineering.ch\/index.php?rest_route=\/wp\/v2\/pages"}],"about":[{"href":"https:\/\/smart-energy-engineering.ch\/index.php?rest_route=\/wp\/v2\/types\/page"}],"author":[{"embeddable":true,"href":"https:\/\/smart-energy-engineering.ch\/index.php?rest_route=\/wp\/v2\/users\/2"}],"replies":[{"embeddable":true,"href":"https:\/\/smart-energy-engineering.ch\/index.php?rest_route=%2Fwp%2Fv2%2Fcomments&post=1110"}],"version-history":[{"count":26,"href":"https:\/\/smart-energy-engineering.ch\/index.php?rest_route=\/wp\/v2\/pages\/1110\/revisions"}],"predecessor-version":[{"id":1577,"href":"https:\/\/smart-energy-engineering.ch\/index.php?rest_route=\/wp\/v2\/pages\/1110\/revisions\/1577"}],"wp:attachment":[{"href":"https:\/\/smart-energy-engineering.ch\/index.php?rest_route=%2Fwp%2Fv2%2Fmedia&parent=1110"}],"curies":[{"name":"wp","href":"https:\/\/api.w.org\/{rel}","templated":true}]}}